{"id":6468,"date":"2025-06-23T14:04:51","date_gmt":"2025-06-23T12:04:51","guid":{"rendered":"https:\/\/vlggvd.de\/?page_id=6468"},"modified":"2025-12-15T13:48:13","modified_gmt":"2025-12-15T12:48:13","slug":"barrierefreiheit","status":"publish","type":"page","link":"https:\/\/vlggvd.de\/?page_id=6468","title":{"rendered":"Barrierefreiheit"},"content":{"rendered":"\n<h2 class=\"wp-block-heading\">Barrierefreiheit auf der Website vlggvd.de<\/h2>\n\n\n\n<p>VLG Gro\u00dfverbraucherdienst S\u00fcdwest GmbH und die Tochterfirmen c-gro Saarbr\u00fccken, Piemonte, Cremona, Fleischwaren und VLG c-gro Trier sind bem\u00fcht, ihren Internetauftritt im Einklang mit den Bestimmungen des Barrierefreiheitsst\u00e4rkungsgesetzes des Bundes (BFSG) barrierefrei zug\u00e4nglich zu machen.<\/p>\n\n\n\n<p>Diese Erkl\u00f6rung bezieht sich auf folgende URL:<\/p>\n\n\n\n<ul class=\"wp-block-list\">\n<li><a href=\"https:\/\/vlggvd.de\/\">vlggvd.de<\/a><\/li>\n\n\n\n<li><a href=\"https:\/\/vlg-fleischwaren.de\/\">vlg-fleischwaren.de<\/a><\/li>\n\n\n\n<li><a href=\"https:\/\/cremona-feinkost.de\/\">cremona-feinkost.de<\/a><\/li>\n\n\n\n<li><a href=\"https:\/\/piemonte-weinhaus.de\/\">piemonte-weinhaus.de<\/a><\/li>\n\n\n\n<li><a href=\"https:\/\/vlglux.lu\/\">vlglux.lu<\/a><\/li>\n\n\n\n<li><a href=\"https:\/\/c-gro-sb.de\/\">c-gro-sb.de<\/a><\/li>\n\n\n\n<li><a href=\"https:\/\/c-gro-tr.de\/\">c-gro-tr.de<\/a><\/li>\n\n\n\n<li><a href=\"https:\/\/cgrosb.de\/\">cgrosb.de<\/a><\/li>\n\n\n\n<li><a href=\"https:\/\/cgrotr.de\/\">cgrotr.de<\/a><\/li>\n\n\n\n<li><a href=\"https:\/\/vlgsb.de\/\">vlgsb.de<\/a><\/li>\n<\/ul>\n\n\n\n<h3 class=\"wp-block-heading\">Welche Bereiche sind nicht barrierefrei?<\/h3>\n\n\n\n<p>Wir bem\u00fchen uns intensiv, unseren Internetauftritt mit der Tastatur bedienbar zu machen, k\u00f6nnen dies aber noch nicht durchg\u00e4ngig gew\u00e4hrleisten.<\/p>\n\n\n\n<p>Wir versuchen, alle neuen eigenen PDF-Dokumente in barrierefreier Form anzubieten. Das bedeutet, dass Screenreader sie problemlos vorlesen k\u00f6nnen. \u00e4ltere PDFs k\u00f6nnen wir nicht nachtr\u00e4glich \u00fcberarbeiten, sie sind meist nicht barrierefrei. Ebenso sind PDFs anderer Anbieter, die wir verlinken, oft nicht barrierefrei. <\/p>\n\n\n\n<p>Nach derzeitigem Stand sind  Video- und Audiodateien in unserer Mediathek auf Vimeo nicht mit Untertiteln oder Transkriptionen versehen. Vimeo bietet die M\u00f6glichkeit, automatisiert erstellte Untertitel zu aktivieren, die jedoch nicht immer akkurat den Inhalt wiedergeben.<\/p>\n\n\n\n<h3 class=\"wp-block-heading\">Barrieren melden<\/h3>\n\n\n\n<p>Sollten Sie auf unseren Seiten  auf M\u00e4ngel beim barrierefreien Zugang zu Inhalten sto\u00dfen, senden Sie uns bitte eine E-Mail mit einer Beschreibung, wo Ihnen welche Barriere aufgefallen ist, an die folgende Adresse:<\/p>\n\n\n\n<p><a href=\"mailto:barrierefrei@vlggvd.de\">barrierefrei@vlggvd.de<\/a><\/p>\n\n\n\n<p><\/p>\n","protected":false},"excerpt":{"rendered":"<p>Barrierefreiheit auf der Website vlggvd.de VLG Gro\u00dfverbraucherdienst S\u00fcdwest GmbH und die Tochterfirmen c-gro Saarbr\u00fccken, Piemonte, Cremona, Fleischwaren und VLG c-gro Trier sind bem\u00fcht, ihren Internetauftritt im Einklang mit den Bestimmungen des Barrierefreiheitsst\u00e4rkungsgesetzes des Bundes (BFSG) barrierefrei zug\u00e4nglich zu machen. Diese Erkl\u00f6rung bezieht sich auf folgende URL: Welche Bereiche sind nicht barrierefrei? Wir bem\u00fchen uns intensiv,&#8230;<\/p>\n","protected":false},"author":1,"featured_media":0,"parent":0,"menu_order":0,"comment_status":"closed","ping_status":"closed","template":"","meta":{"_kad_post_transparent":"","_kad_post_title":"","_kad_post_layout":"","_kad_post_sidebar_id":"","_kad_post_content_style":"","_kad_post_vertical_padding":"","_kad_post_feature":"","_kad_post_feature_position":"","_kad_post_header":false,"_kad_post_footer":false,"_kad_post_classname":"","footnotes":""},"class_list":["post-6468","page","type-page","status-publish","hentry"],"_links":{"self":[{"href":"https:\/\/vlggvd.de\/index.php?rest_route=\/wp\/v2\/pages\/6468","targetHints":{"allow":["GET"]}}],"collection":[{"href":"https:\/\/vlggvd.de\/index.php?rest_route=\/wp\/v2\/pages"}],"about":[{"href":"https:\/\/vlggvd.de\/index.php?rest_route=\/wp\/v2\/types\/page"}],"author":[{"embeddable":true,"href":"https:\/\/vlggvd.de\/index.php?rest_route=\/wp\/v2\/users\/1"}],"replies":[{"embeddable":true,"href":"https:\/\/vlggvd.de\/index.php?rest_route=%2Fwp%2Fv2%2Fcomments&post=6468"}],"version-history":[{"count":7,"href":"https:\/\/vlggvd.de\/index.php?rest_route=\/wp\/v2\/pages\/6468\/revisions"}],"predecessor-version":[{"id":6729,"href":"https:\/\/vlggvd.de\/index.php?rest_route=\/wp\/v2\/pages\/6468\/revisions\/6729"}],"wp:attachment":[{"href":"https:\/\/vlggvd.de\/index.php?rest_route=%2Fwp%2Fv2%2Fmedia&parent=6468"}],"curies":[{"name":"wp","href":"https:\/\/api.w.org\/{rel}","templated":true}]}}