{"id":335,"date":"2023-11-21T14:58:33","date_gmt":"2023-11-21T13:58:33","guid":{"rendered":"https:\/\/www.vlggvd.de\/?page_id=335"},"modified":"2025-10-10T17:22:40","modified_gmt":"2025-10-10T15:22:40","slug":"impressum","status":"publish","type":"page","link":"https:\/\/vlggvd.de\/?page_id=335","title":{"rendered":"Impressum"},"content":{"rendered":"\n<h2 class=\"wp-block-heading\">VLG Gro\u00dfverbraucherdienst S\u00fcdwest GmbH<\/h2>\n\n\n\n<p>Stra\u00dfe des 13. Januar 9 &#8211; 13<br>66121 Saarbr\u00fccken<\/p>\n\n\n\n<p>Postfach 10 32 62<br>66032 Saarbr\u00fccken<br><\/p>\n\n\n\n<p>Telefon: + 49 681 68709-0<br>e-mail: <a href=\"mailto:info@vlggvd.de\">info@vlggvd.de<\/a><\/p>\n\n\n\n<h2 class=\"wp-block-heading\">Gesch\u00e4ftsf\u00fchrer:<\/h2>\n\n\n\n<p>Thomas Hempel<br>Katharina Hempel<br>Lena Hempel<br>Ralf Schneider<\/p>\n\n\n\n<p>Handelsregister: HRB 9499 Amtsgericht Saarbr\u00fccken<br>USt-IdNr.: DE 811243172<\/p>\n\n\n\n<h2 class=\"wp-block-heading\">Inhaltlich verantwortlich:<\/h2>\n\n\n\n<p>Gesch\u00e4ftsf\u00fchrerin Katharina Hempel<\/p>\n\n\n\n<h2 class=\"wp-block-heading\">Inhalt des Webangebotes<\/h2>\n\n\n\n<p>Die VLG ist bem\u00fcht, ihr Webangebot stets aktuell und inhaltlich richtig sowie vollst\u00e4ndig anzubieten. Dennoch ist das Auftreten von Fehlern nicht v\u00f6llig auszuschlie\u00dfen. Die VLG \u00fcbernimmt keine Haftung f\u00fcr die Aktualit\u00e4t, die inhaltliche Richtigkeit sowie f\u00fcr die Vollst\u00e4ndigkeit der in ihrem Webangebot eingestellten Informationen, es sei denn die Fehler wurden vors\u00e4tzlich oder grob fahrl\u00e4ssig aufgenommen. Dies bezieht sich auf eventuelle Sch\u00e4den materieller oder ideeller Art Dritter, die durch die Nutzung dieses Webangebotes verursacht wurden.<\/p>\n\n\n\n<h2 class=\"wp-block-heading\">Copyright<\/h2>\n\n\n\n<p>Das Layout der Homepage, die verwendeten Grafiken und Bilder, die Sammlung sowie einzelnen Beitr\u00e4ge sind urheberrechtlich gesch\u00fctzt. Alle Rechte, auch die der fotomechanischen Wiedergabe, der Vervielf\u00e4ltigung und der Verbreitung mittels besonderer Verfahren (zum Beispiel Datenverarbeitung, Datentr\u00e4ger und Datennetze), auch teilweise, beh\u00e4lt sich die VLG vor.<\/p>\n\n\n\n<h2 class=\"wp-block-heading\">Externe Verweise und Links<\/h2>\n\n\n\n<p>Mit Urteil vom 12.Mai 1998 hat das LG Hamburg entschieden, dass man durch die Ausbringung eines Links die Inhalte der gelinkten Seite ggf. mit zu verantworten hat. Dies kann, so das LG, nur dadurch verhindert werden, dass man sich ausdr\u00fccklich von diesen Inhalten distanziert. Wir haben auf unseren Seiten Links zu Seiten im Internet gelegt, deren Inhalt und Aktualisierung nicht dem Einflussbereich der VLG unterliegen. F\u00fcr alle diese Links gilt:<\/p>\n\n\n\n<p>&#8222;Die VLG hat keinen Einfluss auf Gestaltung und Inhalte fremder Internetseiten. Sie distanziert sich daher von allen fremden Inhalten, auch wenn von Seiten des ITA auf diese externen Seiten ein Link gesetzt wurde.&#8220;<\/p>\n\n\n\n<p>Diese Erkl\u00e4rung gilt f\u00fcr alle auf unserer Homepage angezeigten Links und f\u00fcr alle Inhalte der Seiten, zu denen die bei uns angemeldeten Banner und Links f\u00fchren.<\/p>\n","protected":false},"excerpt":{"rendered":"<p>VLG Gro\u00dfverbraucherdienst S\u00fcdwest GmbH Stra\u00dfe des 13. Januar 9 &#8211; 1366121 Saarbr\u00fccken Postfach 10 32 6266032 Saarbr\u00fccken Telefon: + 49 681 68709-0e-mail: info@vlggvd.de Gesch\u00e4ftsf\u00fchrer: Thomas HempelKatharina HempelLena HempelRalf Schneider Handelsregister: HRB 9499 Amtsgericht Saarbr\u00fcckenUSt-IdNr.: DE 811243172 Inhaltlich verantwortlich: Gesch\u00e4ftsf\u00fchrerin Katharina Hempel Inhalt des Webangebotes Die VLG ist bem\u00fcht, ihr Webangebot stets aktuell und inhaltlich richtig&#8230;<\/p>\n","protected":false},"author":1,"featured_media":0,"parent":0,"menu_order":0,"comment_status":"closed","ping_status":"closed","template":"","meta":{"_kad_post_transparent":"","_kad_post_title":"","_kad_post_layout":"","_kad_post_sidebar_id":"","_kad_post_content_style":"","_kad_post_vertical_padding":"","_kad_post_feature":"","_kad_post_feature_position":"","_kad_post_header":false,"_kad_post_footer":false,"_kad_post_classname":"","footnotes":""},"class_list":["post-335","page","type-page","status-publish","hentry"],"_links":{"self":[{"href":"https:\/\/vlggvd.de\/index.php?rest_route=\/wp\/v2\/pages\/335","targetHints":{"allow":["GET"]}}],"collection":[{"href":"https:\/\/vlggvd.de\/index.php?rest_route=\/wp\/v2\/pages"}],"about":[{"href":"https:\/\/vlggvd.de\/index.php?rest_route=\/wp\/v2\/types\/page"}],"author":[{"embeddable":true,"href":"https:\/\/vlggvd.de\/index.php?rest_route=\/wp\/v2\/users\/1"}],"replies":[{"embeddable":true,"href":"https:\/\/vlggvd.de\/index.php?rest_route=%2Fwp%2Fv2%2Fcomments&post=335"}],"version-history":[{"count":2,"href":"https:\/\/vlggvd.de\/index.php?rest_route=\/wp\/v2\/pages\/335\/revisions"}],"predecessor-version":[{"id":6583,"href":"https:\/\/vlggvd.de\/index.php?rest_route=\/wp\/v2\/pages\/335\/revisions\/6583"}],"wp:attachment":[{"href":"https:\/\/vlggvd.de\/index.php?rest_route=%2Fwp%2Fv2%2Fmedia&parent=335"}],"curies":[{"name":"wp","href":"https:\/\/api.w.org\/{rel}","templated":true}]}}